{"id":4,"date":"2016-07-27T15:38:16","date_gmt":"2016-07-27T15:38:16","guid":{"rendered":"http:\/\/blog.orkan-tief.de\/?page_id=4"},"modified":"2019-11-11T18:14:44","modified_gmt":"2019-11-11T18:14:44","slug":"impressum","status":"publish","type":"page","link":"http:\/\/www.martin-rdz.de\/index.php\/impressum\/","title":{"rendered":"Impressum"},"content":{"rendered":"<p>Dieses Angebot untersteht gem\u00e4\u00df \u00a7 55 Absatz 1 Rundfunkstaatsvertrag (RStV) einer eingeschr\u00e4nkten Informationspflicht (Impressum) und umfasst demnach Name und Adresse des Betreibers. Die dar\u00fcber hinaus im Rahmen der allgemeinen Informationspflicht (Impressum) gem\u00e4\u00df \u00a7 5 Telemediengesetz (TMG) geforderten Informationen (unter Anderem Telefonnummer) sind nicht enthalten, da diese Informationspflicht lediglich \u201cf\u00fcr gesch\u00e4ftsm\u00e4\u00dfige, in der Regel gegen Entgelt angebotene Telemedien\u201d besteht. Dies ist bei diesem Angebot nicht der Fall.<\/p>\n<dl class=\"dl-horizontal\">\n<dt>Betreiber<\/dt>\n<dd>Martin Radenz<br \/>\nmartin (punkt) radenz (\u00e4t) martin-rdz (punkt) de<br \/>\nIdastr. 41, 04315 Leipzig<\/dd>\n<\/dl>\n","protected":false},"excerpt":{"rendered":"<p>Dieses Angebot untersteht gem\u00e4\u00df \u00a7 55 Absatz 1 Rundfunkstaatsvertrag (RStV) einer eingeschr\u00e4nkten Informationspflicht (Impressum) und umfasst demnach Name und Adresse des Betreibers. Die dar\u00fcber hinaus im Rahmen der allgemeinen Informationspflicht (Impressum) gem\u00e4\u00df \u00a7 5 Telemediengesetz (TMG) geforderten Informationen (unter Anderem Telefonnummer) sind nicht enthalten, da diese Informationspflicht lediglich \u201cf\u00fcr gesch\u00e4ftsm\u00e4\u00dfige, in der Regel gegen Entgelt &hellip;<\/p>\n","protected":false},"author":1,"featured_media":0,"parent":0,"menu_order":10,"comment_status":"closed","ping_status":"closed","template":"","meta":{"footnotes":""},"jetpack_sharing_enabled":true,"_links":{"self":[{"href":"http:\/\/www.martin-rdz.de\/index.php\/wp-json\/wp\/v2\/pages\/4"}],"collection":[{"href":"http:\/\/www.martin-rdz.de\/index.php\/wp-json\/wp\/v2\/pages"}],"about":[{"href":"http:\/\/www.martin-rdz.de\/index.php\/wp-json\/wp\/v2\/types\/page"}],"author":[{"embeddable":true,"href":"http:\/\/www.martin-rdz.de\/index.php\/wp-json\/wp\/v2\/users\/1"}],"replies":[{"embeddable":true,"href":"http:\/\/www.martin-rdz.de\/index.php\/wp-json\/wp\/v2\/comments?post=4"}],"version-history":[{"count":6,"href":"http:\/\/www.martin-rdz.de\/index.php\/wp-json\/wp\/v2\/pages\/4\/revisions"}],"predecessor-version":[{"id":145,"href":"http:\/\/www.martin-rdz.de\/index.php\/wp-json\/wp\/v2\/pages\/4\/revisions\/145"}],"wp:attachment":[{"href":"http:\/\/www.martin-rdz.de\/index.php\/wp-json\/wp\/v2\/media?parent=4"}],"curies":[{"name":"wp","href":"https:\/\/api.w.org\/{rel}","templated":true}]}}